{"id":38,"date":"2016-12-06T16:19:59","date_gmt":"2016-12-06T15:19:59","guid":{"rendered":"https:\/\/www.lomizil.de\/fewo\/?page_id=38"},"modified":"2019-06-11T13:56:27","modified_gmt":"2019-06-11T11:56:27","slug":"ferienwohnung","status":"publish","type":"page","link":"https:\/\/www.lomizil.de\/fewo\/","title":{"rendered":"Ferienwohnung"},"content":{"rendered":"<div id=\"attachment_77\" style=\"width: 310px\" class=\"wp-caption alignright\"><a href=\"https:\/\/lomizil.de\/Panorama\/Ferienwohnung_Lomitz_Panorama.html\" target=\"_blank\" rel=\"noopener noreferrer\"><img loading=\"lazy\" decoding=\"async\" aria-describedby=\"caption-attachment-77\" class=\"wp-image-77 size-medium\" src=\"https:\/\/www.lomizil.de\/fewo\/wp-content\/uploads\/2016\/12\/Fewo-Lomitz-pano-klein-300x188.jpg\" alt=\"fewo-Lomitz-panorama\" width=\"300\" height=\"188\" srcset=\"https:\/\/www.lomizil.de\/fewo\/wp-content\/uploads\/2016\/12\/Fewo-Lomitz-pano-klein-300x188.jpg 300w, https:\/\/www.lomizil.de\/fewo\/wp-content\/uploads\/2016\/12\/Fewo-Lomitz-pano-klein.jpg 400w\" sizes=\"auto, (max-width: 300px) 100vw, 300px\" \/><\/a><p id=\"caption-attachment-77\" class=\"wp-caption-text\"><a href=\"https:\/\/lomizil.de\/Panorama\/Ferienwohnung_Lomitz_Panorama.html\" target=\"_blank\" rel=\"noopener noreferrer\">Klicke hier f\u00fcr 360\u00b0- Panorama<br \/>(in neuem Fenster\/Tab)<\/a><\/p><\/div>\n<p>Die <strong>Ferienwohnung<\/strong> der <a href=\"https:\/\/www.lomizil.de\/\" target=\"_blank\" rel=\"noopener noreferrer\">Wendland-Hof-Genossenschaft<\/a> liegt am Rande des kleinen Dorfes Lomitz, im 1. Stock eines Neubaus. Der liegt gleich neben dem <a href=\"https:\/\/www.lomizil.de\/tagungshaus\" target=\"_blank\" rel=\"noopener noreferrer\">Tagungshaus <\/a>des Lomizil e.V.<br \/>\nGrundst\u00fcck und Garten des ehemaligen Vierseitenhofs auf knapp einem Hektar Land k\u00f6nnen gemeinsam mit anderen G\u00e4sten und Bewohnern des Hofes genutzt werden.<br \/>\nHier im Osten des <a href=\"https:\/\/www.lomizil.de\/fewo\/wendland\/\">Wendlands<\/a> gibt es herrliche Ruhe, waldreiche Natur und kaum Autoverkehr.<br \/>\nIm Erdgeschoss unter der Ferienwohnung ist unsere <a href=\"https:\/\/www.lomizil.de\/fewo\/sauna\/\">Sauna<\/a>. Diese kann Stunden- oder Tage-weise dazu gemietet werden.<br \/>\nDie Duschr\u00e4ume und WCs der Sauna stehen den G\u00e4sten der Ferienwohnung immer offen.<\/p>\n<p>Die Ferienwohnung im 1. Stock umfasst 1 Einzelzimmer und 3 Schlafzimmer mit jeweils 2 Betten, die bei Bedarf zu Doppelbetten umgestellt werden k\u00f6nnen.<\/p>\n<div style=\"float: right; width: 140px;\"><strong>Landkarten:<\/strong><br \/>\n<a href=\"http:\/\/www.openstreetmap.org\/search?query=Alte%20Dorfstra%C3%9Fe%2024%2C%20lomitz#map=18\/52.94477\/11.39936\" target=\"_blank\" rel=\"noopener noreferrer\">Open streetmap<\/a><br \/>\n<a href=\"https:\/\/goo.gl\/maps\/fvakvaEr4vdQHmGBA\" target=\"_blank\" rel=\"noopener noreferrer\">Google maps<\/a> <a href=\"https:\/\/www.lomizil.de\/fewo\/impressum\/\">Impressum<\/a><\/div>\n<p>Der 70 m<sup>2<\/sup> gro\u00dfe Wohnraum, in den der K\u00fcchenbereich und der Sitzbereich integriert sind, l\u00e4sst sich auch als Gruppenraum nutzen, zB:<\/p>\n<ul>\n<li>Yoga f\u00fcr 10 Personen<\/li>\n<li>Sitz und Beprechungs-Runden bis 20 Leute<\/li>\n<\/ul>\n<p>&nbsp;<\/p>\n<p><strong>es folgt ein Fotorundgang:<\/strong><br \/>\n<div id=\"maxgallery-15\" class=\"mg-image-tiles borderless\">\t<div class=\"mg-thumbs mg-fourcol\">\t\t<ul><li>\t<a class='lightbox-15' href='https:\/\/www.lomizil.de\/fewo\/wp-content\/uploads\/2016\/12\/Ferienwohnungs-Plan.jpg'  title='Ferienwohnungs-Plan' aria-haspopup='dialog' data-lightbox-gallery='gallery-15' >\t\t<div class=\"\"><img class=\"mg_lazy\" data-src=\"https:\/\/www.lomizil.de\/fewo\/wp-content\/uploads\/2016\/12\/Ferienwohnungs-Plan-250x166.jpg\" width=\"250\" height=\"166\" alt=\"Ferienwohnungs-Plan\" title=\"Ferienwohnungs-Plan\" \/><noscript><img loading=\"lazy\" decoding=\"async\" src=\"https:\/\/www.lomizil.de\/fewo\/wp-content\/uploads\/2016\/12\/Ferienwohnungs-Plan-250x166.jpg\" width=\"250\" height=\"166\" alt=\"Ferienwohnungs-Plan\" \/><\/noscript>\t\t<\/div>\t<\/a>\t<p class=\"caption below\">Ferienwohnungs-Plan<\/p><\/li><li>\t<a class='lightbox-15' href='https:\/\/www.lomizil.de\/fewo\/wp-content\/uploads\/2016\/12\/Aufgang.jpg'  title='Aufgang' aria-haspopup='dialog' data-lightbox-gallery='gallery-15' >\t\t<div class=\"\"><img class=\"mg_lazy\" data-src=\"https:\/\/www.lomizil.de\/fewo\/wp-content\/uploads\/2016\/12\/Aufgang-250x166.jpg\" width=\"250\" height=\"166\" alt=\"Aufgang\" title=\"Aufgang\" \/><noscript><img loading=\"lazy\" decoding=\"async\" src=\"https:\/\/www.lomizil.de\/fewo\/wp-content\/uploads\/2016\/12\/Aufgang-250x166.jpg\" width=\"250\" height=\"166\" alt=\"Aufgang\" \/><\/noscript>\t\t<\/div>\t<\/a>\t<p class=\"caption below\">Aufgang<\/p><\/li><li>\t<a class='lightbox-15' href='https:\/\/www.lomizil.de\/fewo\/wp-content\/uploads\/2016\/12\/Blick-durch-den-Gro\u00dfen-Innenraum.jpg'  title='Blick durch den Gro\u00dfen Innenraum' aria-haspopup='dialog' data-lightbox-gallery='gallery-15' >\t\t<div class=\"\"><img class=\"mg_lazy\" data-src=\"https:\/\/www.lomizil.de\/fewo\/wp-content\/uploads\/2016\/12\/Blick-durch-den-Gro\u00dfen-Innenraum-250x166.jpg\" width=\"250\" height=\"166\" alt=\"Blick durch den Gro\u00dfen Innenraum\" title=\"Blick durch den Gro\u00dfen Innenraum\" \/><noscript><img loading=\"lazy\" decoding=\"async\" src=\"https:\/\/www.lomizil.de\/fewo\/wp-content\/uploads\/2016\/12\/Blick-durch-den-Gro\u00dfen-Innenraum-250x166.jpg\" width=\"250\" height=\"166\" alt=\"Blick durch den Gro\u00dfen Innenraum\" \/><\/noscript>\t\t<\/div>\t<\/a>\t<p class=\"caption below\">Blick durch den Gro\u00dfen Innenraum<\/p><\/li><li>\t<a class='lightbox-15' href='https:\/\/www.lomizil.de\/fewo\/wp-content\/uploads\/2016\/12\/sch\u00f6ne-Aussicht-\u00fcbers-Land.jpg'  title='sch\u00f6ne Aussicht \u00fcbers Land' aria-haspopup='dialog' data-lightbox-gallery='gallery-15' >\t\t<div class=\"\"><img class=\"mg_lazy\" data-src=\"https:\/\/www.lomizil.de\/fewo\/wp-content\/uploads\/2016\/12\/sch\u00f6ne-Aussicht-\u00fcbers-Land-250x166.jpg\" width=\"250\" height=\"166\" alt=\"sch\u00f6ne Aussicht \u00fcbers Land\" title=\"sch\u00f6ne Aussicht \u00fcbers Land\" \/><noscript><img loading=\"lazy\" decoding=\"async\" src=\"https:\/\/www.lomizil.de\/fewo\/wp-content\/uploads\/2016\/12\/sch\u00f6ne-Aussicht-\u00fcbers-Land-250x166.jpg\" width=\"250\" height=\"166\" alt=\"sch\u00f6ne Aussicht \u00fcbers Land\" \/><\/noscript>\t\t<\/div>\t<\/a>\t<p class=\"caption below\">sch\u00f6ne Aussicht \u00fcbers Land<\/p><\/li><li>\t<a class='lightbox-15' href='https:\/\/www.lomizil.de\/fewo\/wp-content\/uploads\/2016\/12\/Sitznische-und-Esstisch.jpg'  title='Sitznische und Esstisch' aria-haspopup='dialog' data-lightbox-gallery='gallery-15' >\t\t<div class=\"\"><img class=\"mg_lazy\" data-src=\"https:\/\/www.lomizil.de\/fewo\/wp-content\/uploads\/2016\/12\/Sitznische-und-Esstisch-250x166.jpg\" width=\"250\" height=\"166\" alt=\"Sitznische und Esstisch\" title=\"Sitznische und Esstisch\" \/><noscript><img loading=\"lazy\" decoding=\"async\" src=\"https:\/\/www.lomizil.de\/fewo\/wp-content\/uploads\/2016\/12\/Sitznische-und-Esstisch-250x166.jpg\" width=\"250\" height=\"166\" alt=\"Sitznische und Esstisch\" \/><\/noscript>\t\t<\/div>\t<\/a>\t<p class=\"caption below\">Sitznische und Esstisch<\/p><\/li><li>\t<a class='lightbox-15' href='https:\/\/www.lomizil.de\/fewo\/wp-content\/uploads\/2016\/12\/Blick-in-den-Essbereich.jpg'  title='Blick in den Essbereich' aria-haspopup='dialog' data-lightbox-gallery='gallery-15' >\t\t<div class=\"\"><img class=\"mg_lazy\" data-src=\"https:\/\/www.lomizil.de\/fewo\/wp-content\/uploads\/2016\/12\/Blick-in-den-Essbereich-250x166.jpg\" width=\"250\" height=\"166\" alt=\"Blick in den Essbereich\" title=\"Blick in den Essbereich\" \/><noscript><img loading=\"lazy\" decoding=\"async\" src=\"https:\/\/www.lomizil.de\/fewo\/wp-content\/uploads\/2016\/12\/Blick-in-den-Essbereich-250x166.jpg\" width=\"250\" height=\"166\" alt=\"Blick in den Essbereich\" \/><\/noscript>\t\t<\/div>\t<\/a>\t<p class=\"caption below\">Blick in den Essbereich<\/p><\/li><li>\t<a class='lightbox-15' href='https:\/\/www.lomizil.de\/fewo\/wp-content\/uploads\/2016\/12\/Blick-in-den-Essbereich3.jpg'  title='Blick in den Essbereich3' aria-haspopup='dialog' data-lightbox-gallery='gallery-15' >\t\t<div class=\"\"><img class=\"mg_lazy\" data-src=\"https:\/\/www.lomizil.de\/fewo\/wp-content\/uploads\/2016\/12\/Blick-in-den-Essbereich3-250x166.jpg\" width=\"250\" height=\"166\" alt=\"Blick in den Essbereich3\" title=\"Blick in den Essbereich3\" \/><noscript><img loading=\"lazy\" decoding=\"async\" src=\"https:\/\/www.lomizil.de\/fewo\/wp-content\/uploads\/2016\/12\/Blick-in-den-Essbereich3-250x166.jpg\" width=\"250\" height=\"166\" alt=\"Blick in den Essbereich3\" \/><\/noscript>\t\t<\/div>\t<\/a>\t<p class=\"caption below\">Blick in den Essbereich3<\/p><\/li><li>\t<a class='lightbox-15' href='https:\/\/www.lomizil.de\/fewo\/wp-content\/uploads\/2016\/12\/Essbereich-Backofen-Ceranplatten-Sp\u00fclmaschine-Abzugshaube.jpg'  title='Essbereich Backofen Ceranplatten Sp\u00fclmaschine Abzugshaube' aria-haspopup='dialog' data-lightbox-gallery='gallery-15' >\t\t<div class=\"\"><img class=\"mg_lazy\" data-src=\"https:\/\/www.lomizil.de\/fewo\/wp-content\/uploads\/2016\/12\/Essbereich-Backofen-Ceranplatten-Sp\u00fclmaschine-Abzugshaube-250x166.jpg\" width=\"250\" height=\"166\" alt=\"Essbereich Backofen Ceranplatten Sp\u00fclmaschine Abzugshaube\" title=\"Essbereich Backofen Ceranplatten Sp\u00fclmaschine Abzugshaube\" \/><noscript><img loading=\"lazy\" decoding=\"async\" src=\"https:\/\/www.lomizil.de\/fewo\/wp-content\/uploads\/2016\/12\/Essbereich-Backofen-Ceranplatten-Sp\u00fclmaschine-Abzugshaube-250x166.jpg\" width=\"250\" height=\"166\" alt=\"Essbereich Backofen Ceranplatten Sp\u00fclmaschine Abzugshaube\" \/><\/noscript>\t\t<\/div>\t<\/a>\t<p class=\"caption below\">Essbereich Backofen Ceranplatten Sp\u00fclmaschine Abzugshaube<\/p><\/li><li>\t<a class='lightbox-15' href='https:\/\/www.lomizil.de\/fewo\/wp-content\/uploads\/2016\/12\/Schlafzimmer1.jpg'  title='Schlafzimmer 1' aria-haspopup='dialog' data-lightbox-gallery='gallery-15' >\t\t<div class=\"\"><img class=\"mg_lazy\" data-src=\"https:\/\/www.lomizil.de\/fewo\/wp-content\/uploads\/2016\/12\/Schlafzimmer1-250x166.jpg\" width=\"250\" height=\"166\" alt=\"Schlafzimmer 1\" title=\"Schlafzimmer 1\" \/><noscript><img loading=\"lazy\" decoding=\"async\" src=\"https:\/\/www.lomizil.de\/fewo\/wp-content\/uploads\/2016\/12\/Schlafzimmer1-250x166.jpg\" width=\"250\" height=\"166\" alt=\"Schlafzimmer 1\" \/><\/noscript>\t\t<\/div>\t<\/a>\t<p class=\"caption below\">Schlafzimmer 1<\/p><\/li><li>\t<a class='lightbox-15' href='https:\/\/www.lomizil.de\/fewo\/wp-content\/uploads\/2016\/12\/Schlafzimmer2.jpg'  title='Schlafzimmer 2' aria-haspopup='dialog' data-lightbox-gallery='gallery-15' >\t\t<div class=\"\"><img class=\"mg_lazy\" data-src=\"https:\/\/www.lomizil.de\/fewo\/wp-content\/uploads\/2016\/12\/Schlafzimmer2-250x166.jpg\" width=\"250\" height=\"166\" alt=\"Schlafzimmer 2\" title=\"Schlafzimmer 2\" \/><noscript><img loading=\"lazy\" decoding=\"async\" src=\"https:\/\/www.lomizil.de\/fewo\/wp-content\/uploads\/2016\/12\/Schlafzimmer2-250x166.jpg\" width=\"250\" height=\"166\" alt=\"Schlafzimmer 2\" \/><\/noscript>\t\t<\/div>\t<\/a>\t<p class=\"caption below\">Schlafzimmer 2<\/p><\/li><li>\t<a class='lightbox-15' href='https:\/\/www.lomizil.de\/fewo\/wp-content\/uploads\/2016\/12\/Schlafzimmer3.jpg'  title='Schlafzimmer 3' aria-haspopup='dialog' data-lightbox-gallery='gallery-15' >\t\t<div class=\"\"><img class=\"mg_lazy\" data-src=\"https:\/\/www.lomizil.de\/fewo\/wp-content\/uploads\/2016\/12\/Schlafzimmer3-250x166.jpg\" width=\"250\" height=\"166\" alt=\"Schlafzimmer 3\" title=\"Schlafzimmer 3\" \/><noscript><img loading=\"lazy\" decoding=\"async\" src=\"https:\/\/www.lomizil.de\/fewo\/wp-content\/uploads\/2016\/12\/Schlafzimmer3-250x166.jpg\" width=\"250\" height=\"166\" alt=\"Schlafzimmer 3\" \/><\/noscript>\t\t<\/div>\t<\/a>\t<p class=\"caption below\">Schlafzimmer 3<\/p><\/li><li>\t<a class='lightbox-15' href='https:\/\/www.lomizil.de\/fewo\/wp-content\/uploads\/2016\/12\/Schlafzimmer4.jpg'  title='Schlafzimmer 4' aria-haspopup='dialog' data-lightbox-gallery='gallery-15' >\t\t<div class=\"\"><img class=\"mg_lazy\" data-src=\"https:\/\/www.lomizil.de\/fewo\/wp-content\/uploads\/2016\/12\/Schlafzimmer4-250x166.jpg\" width=\"250\" height=\"166\" alt=\"Schlafzimmer 4\" title=\"Schlafzimmer 4\" \/><noscript><img loading=\"lazy\" decoding=\"async\" src=\"https:\/\/www.lomizil.de\/fewo\/wp-content\/uploads\/2016\/12\/Schlafzimmer4-250x166.jpg\" width=\"250\" height=\"166\" alt=\"Schlafzimmer 4\" \/><\/noscript>\t\t<\/div>\t<\/a>\t<p class=\"caption below\">Schlafzimmer 4<\/p><\/li><li>\t<a class='lightbox-15' href='https:\/\/www.lomizil.de\/fewo\/wp-content\/uploads\/2016\/12\/Dusche.jpg'  title='Dusche' aria-haspopup='dialog' data-lightbox-gallery='gallery-15' >\t\t<div class=\"\"><img class=\"mg_lazy\" data-src=\"https:\/\/www.lomizil.de\/fewo\/wp-content\/uploads\/2016\/12\/Dusche-250x166.jpg\" width=\"250\" height=\"166\" alt=\"Dusche\" title=\"Dusche\" \/><noscript><img loading=\"lazy\" decoding=\"async\" src=\"https:\/\/www.lomizil.de\/fewo\/wp-content\/uploads\/2016\/12\/Dusche-250x166.jpg\" width=\"250\" height=\"166\" alt=\"Dusche\" \/><\/noscript>\t\t<\/div>\t<\/a>\t<p class=\"caption below\">Dusche<\/p><\/li><li>\t<a class='lightbox-15' href='https:\/\/www.lomizil.de\/fewo\/wp-content\/uploads\/2016\/12\/IMAG2998.jpg'  title='Gro\u00dfer Duschraum' aria-haspopup='dialog' data-lightbox-gallery='gallery-15' >\t\t<div class=\"\"><img class=\"mg_lazy\" data-src=\"https:\/\/www.lomizil.de\/fewo\/wp-content\/uploads\/2016\/12\/IMAG2998-250x166.jpg\" width=\"250\" height=\"166\" alt=\"Gro\u00dfer Duschraum\" title=\"Gro\u00dfer Duschraum\" \/><noscript><img loading=\"lazy\" decoding=\"async\" src=\"https:\/\/www.lomizil.de\/fewo\/wp-content\/uploads\/2016\/12\/IMAG2998-250x166.jpg\" width=\"250\" height=\"166\" alt=\"Gro\u00dfer Duschraum\" \/><\/noscript>\t\t<\/div>\t<\/a>\t<p class=\"caption below\">Gro\u00dfer Duschraum<\/p><\/li>\t\t<\/ul>\t\t<div class=\"clear\"><\/div>\t<\/div>\t<span style=\"display: none;\" class=\"hidden-image-tiles-gallery-id\">15<\/span>\t<span style=\"display: none;\" class=\"hidden-lightbox-skin\">none<\/span>\t<span style=\"display: none;\" class=\"hidden-lightbox-effect\">none<\/span>\t<span style=\"display: none;\" class=\"hidden-lightbox-kb-nav\">true<\/span>\t<span style=\"display: none;\" class=\"hidden-lightbox-img-click-close\">false<\/span>\t<span style=\"display: none;\" class=\"hidden-lightbox-ol-click-close\">true<\/span>\t<span style=\"display: none;\" class=\"hidden-lightbox-close-tip-text\">Schlie\u00dfen<\/span>\t<span style=\"display: none;\" class=\"hidden-lightbox-next-tip-text\">Weiter<\/span>\t<span style=\"display: none;\" class=\"hidden-lightbox-prev-tip-text\">Letztes<\/span>\t<span style=\"display: none;\" class=\"hidden-lightbox-error-tip-text\">The requested content cannot be loaded. Please try again later.<\/span><\/div><script>\ndocument.addEventListener(\"DOMContentLoaded\", function(event) { \njQuery(\"img.mg_lazy\").lazyload({threshold : 1});\n});\n<\/script>\n<\/p>\n","protected":false},"excerpt":{"rendered":"<p>Die Ferienwohnung der Wendland-Hof-Genossenschaft liegt am Rande des kleinen Dorfes Lomitz, im 1. Stock eines Neubaus. Der liegt gleich neben dem Tagungshaus des Lomizil e.V. Grundst\u00fcck und Garten des ehemaligen Vierseitenhofs auf knapp einem Hektar Land k\u00f6nnen gemeinsam mit anderen <span class=\"excerpt-dots\">&hellip;<\/span> <a class=\"more-link\" href=\"https:\/\/www.lomizil.de\/fewo\/\"><span class=\"more-msg\">Weiterlesen &rarr;<\/span><\/a><\/p>\n","protected":false},"author":1,"featured_media":234,"parent":0,"menu_order":0,"comment_status":"closed","ping_status":"closed","template":"","meta":{"footnotes":""},"class_list":["post-38","page","type-page","status-publish","has-post-thumbnail","hentry"],"_links":{"self":[{"href":"https:\/\/www.lomizil.de\/fewo\/wp-json\/wp\/v2\/pages\/38","targetHints":{"allow":["GET"]}}],"collection":[{"href":"https:\/\/www.lomizil.de\/fewo\/wp-json\/wp\/v2\/pages"}],"about":[{"href":"https:\/\/www.lomizil.de\/fewo\/wp-json\/wp\/v2\/types\/page"}],"author":[{"embeddable":true,"href":"https:\/\/www.lomizil.de\/fewo\/wp-json\/wp\/v2\/users\/1"}],"replies":[{"embeddable":true,"href":"https:\/\/www.lomizil.de\/fewo\/wp-json\/wp\/v2\/comments?post=38"}],"version-history":[{"count":0,"href":"https:\/\/www.lomizil.de\/fewo\/wp-json\/wp\/v2\/pages\/38\/revisions"}],"wp:featuredmedia":[{"embeddable":true,"href":"https:\/\/www.lomizil.de\/fewo\/wp-json\/wp\/v2\/media\/234"}],"wp:attachment":[{"href":"https:\/\/www.lomizil.de\/fewo\/wp-json\/wp\/v2\/media?parent=38"}],"curies":[{"name":"wp","href":"https:\/\/api.w.org\/{rel}","templated":true}]}}